{"id":26140,"date":"2016-02-01T16:42:13","date_gmt":"2016-02-01T15:42:13","guid":{"rendered":"http:\/\/www.caballodemar.com\/de\/pineda-de-mar\/"},"modified":"2018-11-14T15:42:03","modified_gmt":"2018-11-14T14:42:03","slug":"pineda-de-mar","status":"publish","type":"page","link":"https:\/\/www.caballodemar.com\/de\/umgebung\/pineda-de-mar\/","title":{"rendered":"Pineda de Mar"},"content":{"rendered":"<p>Wir sind in Pineda de Mar, einem sch\u00f6nen Dorf in der N\u00e4he des Mittelmeeres, 50 km n\u00f6rdlich von Barcelona und 50 km s\u00fcdlich von Girona . Einfache Kommunikation ins Zentrum von Barcelona mit dem Zug (wir sind 10 Minuten zu Fu\u00df vom Bahnhof entfernt )<br \/>\nLokale Stadtfest wird am 25. bis 29. August sein.<\/p>\n<p><iframe loading=\"lazy\" frameborder=\"0\" height=\"315\" src=\"https:\/\/www.youtube.com\/embed\/CPFlDpgmJpg\" width=\"560\"><\/iframe><\/p>\n<h2>Mediterranean coast<\/h2>\n<p>Besuchen Sie die r\u00f6mische Wasserleitung, die Kirche Santa Maria, Radfahren machen, genie\u00dfen Sie die weiten Str\u00e4nde und genie\u00dfen Sie die Festlichkeiten oberen Ende August . Alle Mittwoch und Freitag erhalten Sie in der N\u00e4he des Camping auf der Market Street , wo man Souvenirs und Nahrungsmitteln unter anderem zu finden.<\/p>\n<p>&nbsp;<\/p>\n","protected":false},"excerpt":{"rendered":"<p>Wir sind in Pineda de Mar, einem sch\u00f6nen Dorf in der N\u00e4he des Mittelmeeres, 50 km n\u00f6rdlich von Barcelona und 50 km s\u00fcdlich von Girona&#8230;<\/p>\n","protected":false},"author":8,"featured_media":25781,"parent":26155,"menu_order":0,"comment_status":"closed","ping_status":"closed","template":"","meta":{"_acf_changed":false,"footnotes":""},"class_list":["post-26140","page","type-page","status-publish","has-post-thumbnail","hentry"],"acf":[],"yoast_head":"<!-- This site is optimized with the Yoast SEO plugin v23.3 - https:\/\/yoast.com\/wordpress\/plugins\/seo\/ -->\n<title>Pineda de Mar - Camping Caballo de Mar<\/title>\n<meta name=\"description\" content=\"Wir sind in Pineda de Mar, einem sch\u00f6nen Dorf in der N\u00e4he des Mittelmeeres, 50 km n\u00f6rdlich von Barcelona und 50 km s\u00fcdlich von Girona . Einfache\" \/>\n<meta name=\"robots\" content=\"index, follow, max-snippet:-1, max-image-preview:large, max-video-preview:-1\" \/>\n<link rel=\"canonical\" href=\"https:\/\/www.caballodemar.com\/de\/umgebung\/pineda-de-mar\/\" \/>\n<meta property=\"og:locale\" content=\"de_DE\" \/>\n<meta property=\"og:type\" content=\"article\" \/>\n<meta property=\"og:title\" content=\"Pineda de Mar - Camping Caballo de Mar\" \/>\n<meta property=\"og:description\" content=\"Wir sind in Pineda de Mar, einem sch\u00f6nen Dorf in der N\u00e4he des Mittelmeeres, 50 km n\u00f6rdlich von Barcelona und 50 km s\u00fcdlich von Girona . Einfache\" \/>\n<meta property=\"og:url\" content=\"https:\/\/www.caballodemar.com\/de\/umgebung\/pineda-de-mar\/\" \/>\n<meta property=\"og:site_name\" content=\"Camping Caballo de Mar\" \/>\n<meta property=\"article:modified_time\" content=\"2018-11-14T14:42:03+00:00\" \/>\n<meta property=\"og:image\" content=\"https:\/\/www.caballodemar.com\/wp-content\/uploads\/2016\/02\/7-Platja_Pineda_.jpg\" \/>\n\t<meta property=\"og:image:width\" content=\"1600\" \/>\n\t<meta property=\"og:image:height\" content=\"1070\" \/>\n\t<meta property=\"og:image:type\" content=\"image\/jpeg\" \/>\n<meta name=\"twitter:card\" content=\"summary_large_image\" \/>\n<meta name=\"twitter:label1\" content=\"Est. reading time\" \/>\n\t<meta name=\"twitter:data1\" content=\"1 minute\" \/>\n<script type=\"application\/ld+json\" class=\"yoast-schema-graph\">{\"@context\":\"https:\/\/schema.org\",\"@graph\":[{\"@type\":\"WebPage\",\"@id\":\"https:\/\/www.caballodemar.com\/de\/umgebung\/pineda-de-mar\/\",\"url\":\"https:\/\/www.caballodemar.com\/de\/umgebung\/pineda-de-mar\/\",\"name\":\"Pineda de Mar - Camping Caballo de Mar\",\"isPartOf\":{\"@id\":\"https:\/\/www.caballodemar.com\/de\/#website\"},\"primaryImageOfPage\":{\"@id\":\"https:\/\/www.caballodemar.com\/de\/umgebung\/pineda-de-mar\/#primaryimage\"},\"image\":{\"@id\":\"https:\/\/www.caballodemar.com\/de\/umgebung\/pineda-de-mar\/#primaryimage\"},\"thumbnailUrl\":\"https:\/\/www.caballodemar.com\/wp-content\/uploads\/2016\/02\/7-Platja_Pineda_.jpg\",\"datePublished\":\"2016-02-01T15:42:13+00:00\",\"dateModified\":\"2018-11-14T14:42:03+00:00\",\"description\":\"Wir sind in Pineda de Mar, einem sch\u00f6nen Dorf in der N\u00e4he des Mittelmeeres, 50 km n\u00f6rdlich von Barcelona und 50 km s\u00fcdlich von Girona . Einfache\",\"breadcrumb\":{\"@id\":\"https:\/\/www.caballodemar.com\/de\/umgebung\/pineda-de-mar\/#breadcrumb\"},\"inLanguage\":\"de-DE\",\"potentialAction\":[{\"@type\":\"ReadAction\",\"target\":[\"https:\/\/www.caballodemar.com\/de\/umgebung\/pineda-de-mar\/\"]}]},{\"@type\":\"ImageObject\",\"inLanguage\":\"de-DE\",\"@id\":\"https:\/\/www.caballodemar.com\/de\/umgebung\/pineda-de-mar\/#primaryimage\",\"url\":\"https:\/\/www.caballodemar.com\/wp-content\/uploads\/2016\/02\/7-Platja_Pineda_.jpg\",\"contentUrl\":\"https:\/\/www.caballodemar.com\/wp-content\/uploads\/2016\/02\/7-Platja_Pineda_.jpg\",\"width\":1600,\"height\":1070},{\"@type\":\"BreadcrumbList\",\"@id\":\"https:\/\/www.caballodemar.com\/de\/umgebung\/pineda-de-mar\/#breadcrumb\",\"itemListElement\":[{\"@type\":\"ListItem\",\"position\":1,\"name\":\"Portada\",\"item\":\"https:\/\/www.caballodemar.com\/de\/\"},{\"@type\":\"ListItem\",\"position\":2,\"name\":\"Umgebung\",\"item\":\"https:\/\/www.caballodemar.com\/de\/umgebung\/\"},{\"@type\":\"ListItem\",\"position\":3,\"name\":\"Pineda de Mar\"}]},{\"@type\":\"WebSite\",\"@id\":\"https:\/\/www.caballodemar.com\/de\/#website\",\"url\":\"https:\/\/www.caballodemar.com\/de\/\",\"name\":\"Camping Caballo de Mar\",\"description\":\"Grup S\u00e8nia\",\"potentialAction\":[{\"@type\":\"SearchAction\",\"target\":{\"@type\":\"EntryPoint\",\"urlTemplate\":\"https:\/\/www.caballodemar.com\/de\/?s={search_term_string}\"},\"query-input\":\"required name=search_term_string\"}],\"inLanguage\":\"de-DE\"}]}<\/script>\n<!-- \/ Yoast SEO plugin. -->","yoast_head_json":{"title":"Pineda de Mar - Camping Caballo de Mar","description":"Wir sind in Pineda de Mar, einem sch\u00f6nen Dorf in der N\u00e4he des Mittelmeeres, 50 km n\u00f6rdlich von Barcelona und 50 km s\u00fcdlich von Girona . Einfache","robots":{"index":"index","follow":"follow","max-snippet":"max-snippet:-1","max-image-preview":"max-image-preview:large","max-video-preview":"max-video-preview:-1"},"canonical":"https:\/\/www.caballodemar.com\/de\/umgebung\/pineda-de-mar\/","og_locale":"de_DE","og_type":"article","og_title":"Pineda de Mar - Camping Caballo de Mar","og_description":"Wir sind in Pineda de Mar, einem sch\u00f6nen Dorf in der N\u00e4he des Mittelmeeres, 50 km n\u00f6rdlich von Barcelona und 50 km s\u00fcdlich von Girona . Einfache","og_url":"https:\/\/www.caballodemar.com\/de\/umgebung\/pineda-de-mar\/","og_site_name":"Camping Caballo de Mar","article_modified_time":"2018-11-14T14:42:03+00:00","og_image":[{"width":1600,"height":1070,"url":"https:\/\/www.caballodemar.com\/wp-content\/uploads\/2016\/02\/7-Platja_Pineda_.jpg","type":"image\/jpeg"}],"twitter_card":"summary_large_image","twitter_misc":{"Est. reading time":"1 minute"},"schema":{"@context":"https:\/\/schema.org","@graph":[{"@type":"WebPage","@id":"https:\/\/www.caballodemar.com\/de\/umgebung\/pineda-de-mar\/","url":"https:\/\/www.caballodemar.com\/de\/umgebung\/pineda-de-mar\/","name":"Pineda de Mar - Camping Caballo de Mar","isPartOf":{"@id":"https:\/\/www.caballodemar.com\/de\/#website"},"primaryImageOfPage":{"@id":"https:\/\/www.caballodemar.com\/de\/umgebung\/pineda-de-mar\/#primaryimage"},"image":{"@id":"https:\/\/www.caballodemar.com\/de\/umgebung\/pineda-de-mar\/#primaryimage"},"thumbnailUrl":"https:\/\/www.caballodemar.com\/wp-content\/uploads\/2016\/02\/7-Platja_Pineda_.jpg","datePublished":"2016-02-01T15:42:13+00:00","dateModified":"2018-11-14T14:42:03+00:00","description":"Wir sind in Pineda de Mar, einem sch\u00f6nen Dorf in der N\u00e4he des Mittelmeeres, 50 km n\u00f6rdlich von Barcelona und 50 km s\u00fcdlich von Girona . Einfache","breadcrumb":{"@id":"https:\/\/www.caballodemar.com\/de\/umgebung\/pineda-de-mar\/#breadcrumb"},"inLanguage":"de-DE","potentialAction":[{"@type":"ReadAction","target":["https:\/\/www.caballodemar.com\/de\/umgebung\/pineda-de-mar\/"]}]},{"@type":"ImageObject","inLanguage":"de-DE","@id":"https:\/\/www.caballodemar.com\/de\/umgebung\/pineda-de-mar\/#primaryimage","url":"https:\/\/www.caballodemar.com\/wp-content\/uploads\/2016\/02\/7-Platja_Pineda_.jpg","contentUrl":"https:\/\/www.caballodemar.com\/wp-content\/uploads\/2016\/02\/7-Platja_Pineda_.jpg","width":1600,"height":1070},{"@type":"BreadcrumbList","@id":"https:\/\/www.caballodemar.com\/de\/umgebung\/pineda-de-mar\/#breadcrumb","itemListElement":[{"@type":"ListItem","position":1,"name":"Portada","item":"https:\/\/www.caballodemar.com\/de\/"},{"@type":"ListItem","position":2,"name":"Umgebung","item":"https:\/\/www.caballodemar.com\/de\/umgebung\/"},{"@type":"ListItem","position":3,"name":"Pineda de Mar"}]},{"@type":"WebSite","@id":"https:\/\/www.caballodemar.com\/de\/#website","url":"https:\/\/www.caballodemar.com\/de\/","name":"Camping Caballo de Mar","description":"Grup S\u00e8nia","potentialAction":[{"@type":"SearchAction","target":{"@type":"EntryPoint","urlTemplate":"https:\/\/www.caballodemar.com\/de\/?s={search_term_string}"},"query-input":"required name=search_term_string"}],"inLanguage":"de-DE"}]}},"_links":{"self":[{"href":"https:\/\/www.caballodemar.com\/de\/wp-json\/wp\/v2\/pages\/26140","targetHints":{"allow":["GET"]}}],"collection":[{"href":"https:\/\/www.caballodemar.com\/de\/wp-json\/wp\/v2\/pages"}],"about":[{"href":"https:\/\/www.caballodemar.com\/de\/wp-json\/wp\/v2\/types\/page"}],"author":[{"embeddable":true,"href":"https:\/\/www.caballodemar.com\/de\/wp-json\/wp\/v2\/users\/8"}],"replies":[{"embeddable":true,"href":"https:\/\/www.caballodemar.com\/de\/wp-json\/wp\/v2\/comments?post=26140"}],"version-history":[{"count":4,"href":"https:\/\/www.caballodemar.com\/de\/wp-json\/wp\/v2\/pages\/26140\/revisions"}],"predecessor-version":[{"id":31880,"href":"https:\/\/www.caballodemar.com\/de\/wp-json\/wp\/v2\/pages\/26140\/revisions\/31880"}],"up":[{"embeddable":true,"href":"https:\/\/www.caballodemar.com\/de\/wp-json\/wp\/v2\/pages\/26155"}],"wp:featuredmedia":[{"embeddable":true,"href":"https:\/\/www.caballodemar.com\/de\/wp-json\/wp\/v2\/media\/25781"}],"wp:attachment":[{"href":"https:\/\/www.caballodemar.com\/de\/wp-json\/wp\/v2\/media?parent=26140"}],"curies":[{"name":"wp","href":"https:\/\/api.w.org\/{rel}","templated":true}]}}